
{"id":115,"date":"2022-04-17T08:48:07","date_gmt":"2022-04-17T08:48:07","guid":{"rendered":"https:\/\/pizza-anleitung.de\/?page_id=115"},"modified":"2025-10-19T18:07:09","modified_gmt":"2025-10-19T18:07:09","slug":"impressum","status":"publish","type":"page","link":"https:\/\/pizza-anleitung.de\/?page_id=115","title":{"rendered":"Impressum"},"content":{"rendered":"\n<div class=\"wp-block-media-text alignwide has-media-on-the-right is-stacked-on-mobile\" style=\"grid-template-columns:auto 21%\"><div class=\"wp-block-media-text__content\">\n<p class=\"has-text-align-left has-medium-font-size\">Patrick Mawson <\/p>\n\n\n\n<p>(vollst\u00e4ndige Adresse auf Anfrage)<\/p>\n\n\n\n<p class=\"has-text-align-left has-medium-font-size\"> 32791 Lage<\/p>\n\n\n\n<p>kontakt@p-mawson.de<\/p>\n\n\n\n<p class=\"has-text-align-left has-medium-font-size\"> Alle Verlinkungen sind unbezahlte Empfehlungen.  <\/p>\n\n\n\n<p>Pizza-Anleitung.de\/PizzaAnleitung.de wird Privat gehostet und ohne kommerziellen Zweck betrieben.<\/p>\n\n\n\n<p>Die Website soll, Freunden und Bekannten helfen, Pizzen wie von der Pizzeria, auch zuhause selber backen zu k\u00f6nnen.<\/p>\n\n\n\n<p>Um diese Informationen zug\u00e4nglicher zu machen, ist die Website nicht Password gesch\u00fctz.<\/p>\n\n\n\n<p><\/p>\n\n\n\n<p><\/p>\n\n\n\n<p><\/p>\n<\/div><figure class=\"wp-block-media-text__media\"><img loading=\"lazy\" decoding=\"async\" width=\"512\" height=\"512\" src=\"http:\/\/pizza-anleitung.de\/wp-content\/uploads\/2022\/04\/cropped-cropped-lgo-neu-v2.png\" alt=\"\" class=\"wp-image-291 size-full\" srcset=\"https:\/\/pizza-anleitung.de\/wp-content\/uploads\/2022\/04\/cropped-cropped-lgo-neu-v2.png 512w, https:\/\/pizza-anleitung.de\/wp-content\/uploads\/2022\/04\/cropped-cropped-lgo-neu-v2-300x300.png 300w, https:\/\/pizza-anleitung.de\/wp-content\/uploads\/2022\/04\/cropped-cropped-lgo-neu-v2-150x150.png 150w, https:\/\/pizza-anleitung.de\/wp-content\/uploads\/2022\/04\/cropped-cropped-lgo-neu-v2-270x270.png 270w, https:\/\/pizza-anleitung.de\/wp-content\/uploads\/2022\/04\/cropped-cropped-lgo-neu-v2-192x192.png 192w, https:\/\/pizza-anleitung.de\/wp-content\/uploads\/2022\/04\/cropped-cropped-lgo-neu-v2-180x180.png 180w, https:\/\/pizza-anleitung.de\/wp-content\/uploads\/2022\/04\/cropped-cropped-lgo-neu-v2-32x32.png 32w\" sizes=\"auto, (max-width: 512px) 100vw, 512px\" \/><\/figure><\/div>\n","protected":false},"excerpt":{"rendered":"<p>Patrick Mawson (vollst\u00e4ndige Adresse auf Anfrage) 32791 Lage kontakt@p-mawson.de Alle Verlinkungen sind unbezahlte Empfehlungen. Pizza-Anleitung.de\/PizzaAnleitung.de wird Privat gehostet und ohne kommerziellen Zweck betrieben. Die Website soll, Freunden und Bekannten helfen, Pizzen wie von der Pizzeria, auch zuhause selber backen zu k\u00f6nnen. Um diese Informationen zug\u00e4nglicher zu machen, ist die Website nicht Password gesch\u00fctz.<\/p>\n","protected":false},"author":1,"featured_media":0,"parent":0,"menu_order":8,"comment_status":"closed","ping_status":"closed","template":"","meta":{"footnotes":""},"class_list":["post-115","page","type-page","status-publish","hentry","entry"],"_links":{"self":[{"href":"https:\/\/pizza-anleitung.de\/index.php?rest_route=\/wp\/v2\/pages\/115","targetHints":{"allow":["GET"]}}],"collection":[{"href":"https:\/\/pizza-anleitung.de\/index.php?rest_route=\/wp\/v2\/pages"}],"about":[{"href":"https:\/\/pizza-anleitung.de\/index.php?rest_route=\/wp\/v2\/types\/page"}],"author":[{"embeddable":true,"href":"https:\/\/pizza-anleitung.de\/index.php?rest_route=\/wp\/v2\/users\/1"}],"replies":[{"embeddable":true,"href":"https:\/\/pizza-anleitung.de\/index.php?rest_route=%2Fwp%2Fv2%2Fcomments&post=115"}],"version-history":[{"count":7,"href":"https:\/\/pizza-anleitung.de\/index.php?rest_route=\/wp\/v2\/pages\/115\/revisions"}],"predecessor-version":[{"id":554,"href":"https:\/\/pizza-anleitung.de\/index.php?rest_route=\/wp\/v2\/pages\/115\/revisions\/554"}],"wp:attachment":[{"href":"https:\/\/pizza-anleitung.de\/index.php?rest_route=%2Fwp%2Fv2%2Fmedia&parent=115"}],"curies":[{"name":"wp","href":"https:\/\/api.w.org\/{rel}","templated":true}]}}